{"id":514,"date":"2025-03-24T15:52:20","date_gmt":"2025-03-24T15:52:20","guid":{"rendered":"https:\/\/kikkirikistudio.com\/?page_id=514"},"modified":"2025-06-04T09:13:30","modified_gmt":"2025-06-04T09:13:30","slug":"rock","status":"publish","type":"page","link":"https:\/\/kikkirikistudio.com\/it\/demo\/rock\/","title":{"rendered":"Rock"},"content":{"rendered":"\t\t<div data-elementor-type=\"wp-page\" data-elementor-id=\"514\" class=\"elementor elementor-514\" data-elementor-post-type=\"page\">\n\t\t\t\t<div class=\"elementor-element elementor-element-2680112 e-flex e-con-boxed e-con e-parent\" data-id=\"2680112\" data-element_type=\"container\" data-e-type=\"container\">\n\t\t\t\t\t<div class=\"e-con-inner\">\n\t\t\t\t<div class=\"elementor-element elementor-element-e9f1ca8 elementor-widget elementor-widget-shortcode\" data-id=\"e9f1ca8\" data-element_type=\"widget\" data-e-type=\"widget\" data-widget_type=\"shortcode.default\">\n\t\t\t\t<div class=\"elementor-widget-container\">\n\t\t\t\t\t\t\t<div class=\"elementor-shortcode\">    <div class=\"audio-player\">\r\n        <img decoding=\"async\" id=\"previewImage503\" src=\"https:\/\/kikkirikistudio.com\/wp-content\/uploads\/2025\/04\/Prima.webp\" alt=\"Anteprima Traccia\" class=\"preview-image\">\r\n        <div id=\"waveform503\" class=\"waveform b315-margin-top\"><\/div>\r\n    <\/div>\r\n    \r\n    <div class=\"elementor-section elementor-section-boxed\">\r\n        <div class=\"elementor-container\">\r\n            <div class=\"elementor-row\">                             \r\n                <div class=\"elementor-column elementor-col-100\">\r\n                    <div class=\"elementor-widget-wrap\">\r\n                        <div class=\"elementor-widget\">\r\n                            <div class=\"content-group b315-margin-bottom\">\r\n                                <button id=\"stopTrack503\" class=\"b315-control-button b315-lateral-margin b315-btn\"><i class=\"fa fa-play\" aria-hidden=\"true\"><\/i><\/button>\r\n\t\t\t\t\t\t\t\t<button id=\"trackOriginal503\" class=\"b315-control-button b315-lateral-margin b315-btn\">Prima<\/button>\r\n\t\t\t\t\t\t\t\t<button id=\"trackModified503\" class=\"b315-control-button b315-lateral-margin b315-btn\">Dopo<\/button>                        \r\n                                <span class=\"b315-control-label-input\">\r\n                                <label for=\"volumeControl503\" class=\"b315-custom-label b315-lateral-margin\"><i class=\"fa fa-volume-up\" aria-hidden=\"true\"><\/i><\/label>\r\n                                <input type=\"range\" id=\"volumeControl503\" min=\"0\" max=\"1\" step=\"0.01\" value=\"1\" class=\"b315-custom-input\">\r\n                                <\/span>\r\n                            <\/div>\r\n                        <\/div>\r\n                    <\/div>\r\n                <\/div>                              \r\n            <\/div>\r\n        <\/div>\r\n    <\/div>\r\n\r\n    <script>\r\n        var wavesurfer503 = WaveSurfer.create({\r\n            container: '#waveform503',\r\n            waveColor: '#884aba',\r\n            progressColor: 'purple',\r\n            height: 100,\r\n            barWidth: 2\r\n        });\r\n\r\n        var trackOriginal503 = 'https:\/\/kikkirikistudio.com\/wp-content\/uploads\/2025\/03\/rock-before.mp3';\r\n        var trackModified503 = 'https:\/\/kikkirikistudio.com\/wp-content\/uploads\/2025\/03\/rock-after.mp3';\r\n        var trackOriginalImage = 'https:\/\/kikkirikistudio.com\/wp-content\/uploads\/2025\/04\/Prima.webp';\r\n        var trackModifiedImage = 'https:\/\/kikkirikistudio.com\/wp-content\/uploads\/2025\/04\/Dopo.webp';\r\n\r\n        var currentTime503 = 0;\r\n        var isPlaying503 = false;\r\n        var firstClick503 = true;\r\n\r\n        function switchTrack503(newTrack, image) {\r\n            currentTime503 = wavesurfer503.getCurrentTime();\r\n            isPlaying503 = wavesurfer503.isPlaying();\r\n\r\n            wavesurfer503.load(newTrack);\r\n\r\n            wavesurfer503.once('ready', function() {\r\n                wavesurfer503.seekTo(currentTime503 \/ wavesurfer503.getDuration());\r\n                if (firstClick503 || isPlaying503) {\r\n                    wavesurfer503.play();\r\n                }\r\n                firstClick503 = false;\r\n                updateStopButton503();\r\n                updatePreviewImage503(image);\r\n            });\r\n        }\r\n\r\n        function updateStopButton503() {\r\n            document.getElementById('stopTrack503').innerHTML = wavesurfer503.isPlaying() ?\r\n                '<i class=\"fa fa-pause\" aria-hidden=\"true\"><\/i>' : '<i class=\"fa fa-play\" aria-hidden=\"true\"><\/i>';\r\n        }\r\n\r\n        function updatePreviewImage503(image) {\r\n            document.getElementById('previewImage503').src = image;\r\n        }\r\n\r\n        document.getElementById('trackOriginal503').addEventListener('click', function() {\r\n            switchTrack503(trackOriginal503, trackOriginalImage);\r\n        });\r\n\r\n        document.getElementById('trackModified503').addEventListener('click', function() {\r\n            switchTrack503(trackModified503, trackModifiedImage);\r\n        });\r\n\r\n        document.getElementById('stopTrack503').addEventListener('click', function() {\r\n            if (wavesurfer503.isPlaying()) {\r\n                wavesurfer503.pause();\r\n            } else {\r\n                wavesurfer503.play();\r\n            }\r\n            updateStopButton503();\r\n        });\r\n\r\n        document.getElementById('volumeControl503').addEventListener('input', function() {\r\n            wavesurfer503.setVolume(this.value);\r\n        });\r\n\r\n        wavesurfer503.load(trackOriginal503);\r\n    <\/script>\r\n    <\/div>\n\t\t\t\t\t\t<\/div>\n\t\t\t\t<\/div>\n\t\t\t\t\t<\/div>\n\t\t\t\t<\/div>\n\t\t<div class=\"elementor-element elementor-element-a9d563d e-flex e-con-boxed e-con e-parent\" data-id=\"a9d563d\" data-element_type=\"container\" data-e-type=\"container\">\n\t\t\t\t\t<div class=\"e-con-inner\">\n\t\t\t\t<div class=\"elementor-element elementor-element-de5e6be elementor-widget elementor-widget-heading\" data-id=\"de5e6be\" data-element_type=\"widget\" data-e-type=\"widget\" data-widget_type=\"heading.default\">\n\t\t\t\t<div class=\"elementor-widget-container\">\n\t\t\t\t\t<h3 class=\"elementor-heading-title elementor-size-default\">Mixing e Mastering Rock Professionale<\/h3>\t\t\t\t<\/div>\n\t\t\t\t<\/div>\n\t\t\t\t<div class=\"elementor-element elementor-element-69d8008 elementor-widget elementor-widget-text-editor\" data-id=\"69d8008\" data-element_type=\"widget\" data-e-type=\"widget\" data-widget_type=\"text-editor.default\">\n\t\t\t\t<div class=\"elementor-widget-container\">\n\t\t\t\t\t\t\t\t\t<p>Al Kikkiriki Studio diamo al rock la potenza che merita.<br \/>Lavoriamo sulle chitarre per farle graffiare nel mix, bilanciamo le batterie per un impatto profondo e rendiamo le voci protagoniste senza perdere l&#8217;energia complessiva.<br \/>Grazie al nostro trattamento su misura, ogni brano rock suoner\u00e0 grintoso, dinamico e pronto per il palco o la radio. Il tuo suono manterr\u00e0 tutta la sua anima, ma con una qualit\u00e0 da top di gamma.<\/p>\t\t\t\t\t\t\t\t<\/div>\n\t\t\t\t<\/div>\n\t\t\t\t<div class=\"elementor-element elementor-element-85aa9c1 elementor-widget-divider--view-line elementor-widget elementor-widget-divider\" data-id=\"85aa9c1\" data-element_type=\"widget\" data-e-type=\"widget\" data-widget_type=\"divider.default\">\n\t\t\t\t<div class=\"elementor-widget-container\">\n\t\t\t\t\t\t\t<div class=\"elementor-divider\">\n\t\t\t<span class=\"elementor-divider-separator\">\n\t\t\t\t\t\t<\/span>\n\t\t<\/div>\n\t\t\t\t\t\t<\/div>\n\t\t\t\t<\/div>\n\t\t\t\t<div class=\"elementor-element elementor-element-4854bc3 animated-slow elementor-invisible elementor-widget elementor-widget-heading\" data-id=\"4854bc3\" data-element_type=\"widget\" data-e-type=\"widget\" data-settings=\"{&quot;_animation&quot;:&quot;fadeIn&quot;}\" data-widget_type=\"heading.default\">\n\t\t\t\t<div class=\"elementor-widget-container\">\n\t\t\t\t\t<h4 class=\"elementor-heading-title elementor-size-default\">Altri generi<\/h4>\t\t\t\t<\/div>\n\t\t\t\t<\/div>\n\t\t\t\t\t<\/div>\n\t\t\t\t<\/div>\n\t\t<div class=\"elementor-element elementor-element-6f97cd1 animated-slow e-flex e-con-boxed elementor-invisible e-con e-parent\" data-id=\"6f97cd1\" data-element_type=\"container\" data-e-type=\"container\" data-settings=\"{&quot;animation&quot;:&quot;fadeIn&quot;}\">\n\t\t\t\t\t<div class=\"e-con-inner\">\n\t\t<div class=\"elementor-element elementor-element-2e0bf53 e-grid e-con-full e-con e-child\" data-id=\"2e0bf53\" data-element_type=\"container\" data-e-type=\"container\">\n\t\t<div class=\"elementor-element elementor-element-d2b0c24 e-con-full e-flex e-con e-child\" data-id=\"d2b0c24\" data-element_type=\"container\" data-e-type=\"container\" data-settings=\"{&quot;background_background&quot;:&quot;classic&quot;}\">\n\t\t\t\t<div class=\"elementor-element elementor-element-bbc7659 elementor-widget elementor-widget-heading\" data-id=\"bbc7659\" data-element_type=\"widget\" data-e-type=\"widget\" data-widget_type=\"heading.default\">\n\t\t\t\t<div class=\"elementor-widget-container\">\n\t\t\t\t\t<h2 class=\"elementor-heading-title elementor-size-default\"><a href=\"\/it\/demo\/house\/\">House<\/a><\/h2>\t\t\t\t<\/div>\n\t\t\t\t<\/div>\n\t\t\t\t<div class=\"elementor-element elementor-element-8ed6dd2 elementor-view-default elementor-widget elementor-widget-icon\" data-id=\"8ed6dd2\" data-element_type=\"widget\" data-e-type=\"widget\" data-widget_type=\"icon.default\">\n\t\t\t\t<div class=\"elementor-widget-container\">\n\t\t\t\t\t\t\t<div class=\"elementor-icon-wrapper\">\n\t\t\t<a class=\"elementor-icon\" href=\"\/it\/demo\/house\/\">\n\t\t\t<svg aria-hidden=\"true\" class=\"e-font-icon-svg e-fas-play-circle\" viewBox=\"0 0 512 512\" xmlns=\"http:\/\/www.w3.org\/2000\/svg\"><path d=\"M256 8C119 8 8 119 8 256s111 248 248 248 248-111 248-248S393 8 256 8zm115.7 272l-176 101c-15.8 8.8-35.7-2.5-35.7-21V152c0-18.4 19.8-29.8 35.7-21l176 107c16.4 9.2 16.4 32.9 0 42z\"><\/path><\/svg>\t\t\t<\/a>\n\t\t<\/div>\n\t\t\t\t\t\t<\/div>\n\t\t\t\t<\/div>\n\t\t\t\t<\/div>\n\t\t<div class=\"elementor-element elementor-element-e46d7ac e-con-full e-flex e-con e-child\" data-id=\"e46d7ac\" data-element_type=\"container\" data-e-type=\"container\" data-settings=\"{&quot;background_background&quot;:&quot;classic&quot;}\">\n\t\t\t\t<div class=\"elementor-element elementor-element-3b156e8 elementor-widget elementor-widget-heading\" data-id=\"3b156e8\" data-element_type=\"widget\" data-e-type=\"widget\" data-widget_type=\"heading.default\">\n\t\t\t\t<div class=\"elementor-widget-container\">\n\t\t\t\t\t<h2 class=\"elementor-heading-title elementor-size-default\"><a href=\"\/it\/demo\/reggaeton\/\">Reggaeton<\/a><\/h2>\t\t\t\t<\/div>\n\t\t\t\t<\/div>\n\t\t\t\t<div class=\"elementor-element elementor-element-fb65244 elementor-view-default elementor-widget elementor-widget-icon\" data-id=\"fb65244\" data-element_type=\"widget\" data-e-type=\"widget\" data-widget_type=\"icon.default\">\n\t\t\t\t<div class=\"elementor-widget-container\">\n\t\t\t\t\t\t\t<div class=\"elementor-icon-wrapper\">\n\t\t\t<a class=\"elementor-icon\" href=\"\/it\/demo\/reggaeton\/\">\n\t\t\t<svg aria-hidden=\"true\" class=\"e-font-icon-svg e-fas-play-circle\" viewBox=\"0 0 512 512\" xmlns=\"http:\/\/www.w3.org\/2000\/svg\"><path d=\"M256 8C119 8 8 119 8 256s111 248 248 248 248-111 248-248S393 8 256 8zm115.7 272l-176 101c-15.8 8.8-35.7-2.5-35.7-21V152c0-18.4 19.8-29.8 35.7-21l176 107c16.4 9.2 16.4 32.9 0 42z\"><\/path><\/svg>\t\t\t<\/a>\n\t\t<\/div>\n\t\t\t\t\t\t<\/div>\n\t\t\t\t<\/div>\n\t\t\t\t<\/div>\n\t\t<div class=\"elementor-element elementor-element-ce3f35f e-con-full e-flex e-con e-child\" data-id=\"ce3f35f\" data-element_type=\"container\" data-e-type=\"container\" data-settings=\"{&quot;background_background&quot;:&quot;classic&quot;}\">\n\t\t\t\t<div class=\"elementor-element elementor-element-e55e906 elementor-widget elementor-widget-heading\" data-id=\"e55e906\" data-element_type=\"widget\" data-e-type=\"widget\" data-widget_type=\"heading.default\">\n\t\t\t\t<div class=\"elementor-widget-container\">\n\t\t\t\t\t<h2 class=\"elementor-heading-title elementor-size-default\"><a href=\"\/it\/demo\/jazz\/\">Jazz<\/a><\/h2>\t\t\t\t<\/div>\n\t\t\t\t<\/div>\n\t\t\t\t<div class=\"elementor-element elementor-element-5456aaf elementor-view-default elementor-widget elementor-widget-icon\" data-id=\"5456aaf\" data-element_type=\"widget\" data-e-type=\"widget\" data-widget_type=\"icon.default\">\n\t\t\t\t<div class=\"elementor-widget-container\">\n\t\t\t\t\t\t\t<div class=\"elementor-icon-wrapper\">\n\t\t\t<a class=\"elementor-icon\" href=\"\/it\/demo\/jazz\/\">\n\t\t\t<svg aria-hidden=\"true\" class=\"e-font-icon-svg e-fas-play-circle\" viewBox=\"0 0 512 512\" xmlns=\"http:\/\/www.w3.org\/2000\/svg\"><path d=\"M256 8C119 8 8 119 8 256s111 248 248 248 248-111 248-248S393 8 256 8zm115.7 272l-176 101c-15.8 8.8-35.7-2.5-35.7-21V152c0-18.4 19.8-29.8 35.7-21l176 107c16.4 9.2 16.4 32.9 0 42z\"><\/path><\/svg>\t\t\t<\/a>\n\t\t<\/div>\n\t\t\t\t\t\t<\/div>\n\t\t\t\t<\/div>\n\t\t\t\t<\/div>\n\t\t<div class=\"elementor-element elementor-element-0a68548 e-con-full e-flex e-con e-child\" data-id=\"0a68548\" data-element_type=\"container\" data-e-type=\"container\" data-settings=\"{&quot;background_background&quot;:&quot;classic&quot;}\">\n\t\t\t\t<div class=\"elementor-element elementor-element-cb48098 elementor-widget elementor-widget-heading\" data-id=\"cb48098\" data-element_type=\"widget\" data-e-type=\"widget\" data-widget_type=\"heading.default\">\n\t\t\t\t<div class=\"elementor-widget-container\">\n\t\t\t\t\t<h2 class=\"elementor-heading-title elementor-size-default\"><a href=\"\/it\/demo\/pop\/\">Pop<\/a><\/h2>\t\t\t\t<\/div>\n\t\t\t\t<\/div>\n\t\t\t\t<div class=\"elementor-element elementor-element-434a3f0 elementor-view-default elementor-widget elementor-widget-icon\" data-id=\"434a3f0\" data-element_type=\"widget\" data-e-type=\"widget\" data-widget_type=\"icon.default\">\n\t\t\t\t<div class=\"elementor-widget-container\">\n\t\t\t\t\t\t\t<div class=\"elementor-icon-wrapper\">\n\t\t\t<a class=\"elementor-icon\" href=\"\/it\/demo\/pop\/\">\n\t\t\t<svg aria-hidden=\"true\" class=\"e-font-icon-svg e-fas-play-circle\" viewBox=\"0 0 512 512\" xmlns=\"http:\/\/www.w3.org\/2000\/svg\"><path d=\"M256 8C119 8 8 119 8 256s111 248 248 248 248-111 248-248S393 8 256 8zm115.7 272l-176 101c-15.8 8.8-35.7-2.5-35.7-21V152c0-18.4 19.8-29.8 35.7-21l176 107c16.4 9.2 16.4 32.9 0 42z\"><\/path><\/svg>\t\t\t<\/a>\n\t\t<\/div>\n\t\t\t\t\t\t<\/div>\n\t\t\t\t<\/div>\n\t\t\t\t<\/div>\n\t\t<div class=\"elementor-element elementor-element-01d4013 e-con-full e-flex e-con e-child\" data-id=\"01d4013\" data-element_type=\"container\" data-e-type=\"container\" data-settings=\"{&quot;background_background&quot;:&quot;classic&quot;}\">\n\t\t\t\t<div class=\"elementor-element elementor-element-94f48b6 elementor-widget elementor-widget-heading\" data-id=\"94f48b6\" data-element_type=\"widget\" data-e-type=\"widget\" data-widget_type=\"heading.default\">\n\t\t\t\t<div class=\"elementor-widget-container\">\n\t\t\t\t\t<h2 class=\"elementor-heading-title elementor-size-default\"><a href=\"\/it\/demo\/trap\/\">Trap<\/a><\/h2>\t\t\t\t<\/div>\n\t\t\t\t<\/div>\n\t\t\t\t<div class=\"elementor-element elementor-element-c02627e elementor-view-default elementor-widget elementor-widget-icon\" data-id=\"c02627e\" data-element_type=\"widget\" data-e-type=\"widget\" data-widget_type=\"icon.default\">\n\t\t\t\t<div class=\"elementor-widget-container\">\n\t\t\t\t\t\t\t<div class=\"elementor-icon-wrapper\">\n\t\t\t<a class=\"elementor-icon\" href=\"\/it\/demo\/trap\/\">\n\t\t\t<svg aria-hidden=\"true\" class=\"e-font-icon-svg e-fas-play-circle\" viewBox=\"0 0 512 512\" xmlns=\"http:\/\/www.w3.org\/2000\/svg\"><path d=\"M256 8C119 8 8 119 8 256s111 248 248 248 248-111 248-248S393 8 256 8zm115.7 272l-176 101c-15.8 8.8-35.7-2.5-35.7-21V152c0-18.4 19.8-29.8 35.7-21l176 107c16.4 9.2 16.4 32.9 0 42z\"><\/path><\/svg>\t\t\t<\/a>\n\t\t<\/div>\n\t\t\t\t\t\t<\/div>\n\t\t\t\t<\/div>\n\t\t\t\t<\/div>\n\t\t\t\t<\/div>\n\t\t\t\t\t<\/div>\n\t\t\t\t<\/div>\n\t\t\t\t<\/div>\n\t\t","protected":false},"excerpt":{"rendered":"<p>Mixing e Mastering Rock Professionale Al Kikkiriki Studio diamo al rock la potenza che merita.Lavoriamo sulle chitarre per farle graffiare nel mix, bilanciamo le batterie per un impatto profondo e rendiamo le voci protagoniste senza perdere l&#8217;energia complessiva.Grazie al nostro trattamento su misura, ogni brano rock suoner\u00e0 grintoso, dinamico e pronto per il palco o [&hellip;]<\/p>\n","protected":false},"author":1,"featured_media":1238,"parent":450,"menu_order":0,"comment_status":"closed","ping_status":"closed","template":"","meta":{"footnotes":""},"class_list":["post-514","page","type-page","status-publish","has-post-thumbnail","hentry"],"yoast_head":"<!-- This site is optimized with the Yoast SEO plugin v27.4 - https:\/\/yoast.com\/product\/yoast-seo-wordpress\/ -->\n<title>Mixing e Mastering Rock | Suono Grintoso | Kikkiriki Studio<\/title>\n<meta name=\"description\" content=\"Mixing e mastering per rock professionale: chitarre graffianti, batterie profonde e voci protagoniste con un sound potente e dinamico.\" \/>\n<meta name=\"robots\" content=\"index, follow, max-snippet:-1, max-image-preview:large, max-video-preview:-1\" \/>\n<link rel=\"canonical\" href=\"https:\/\/kikkirikistudio.com\/it\/demo\/rock\/\" \/>\n<meta property=\"og:locale\" content=\"it_IT\" \/>\n<meta property=\"og:type\" content=\"article\" \/>\n<meta property=\"og:title\" content=\"Mixing e Mastering Rock | Suono Grintoso | Kikkiriki Studio\" \/>\n<meta property=\"og:description\" content=\"Mixing e mastering per rock professionale: chitarre graffianti, batterie profonde e voci protagoniste con un sound potente e dinamico.\" \/>\n<meta property=\"og:url\" content=\"https:\/\/kikkirikistudio.com\/it\/demo\/rock\/\" \/>\n<meta property=\"og:site_name\" content=\"Kikkiriki Studio\" \/>\n<meta property=\"article:modified_time\" content=\"2025-06-04T09:13:30+00:00\" \/>\n<meta property=\"og:image\" content=\"https:\/\/kikkirikistudio.com\/wp-content\/uploads\/2025\/05\/anteprima-home.png\" \/>\n\t<meta property=\"og:image:width\" content=\"1080\" \/>\n\t<meta property=\"og:image:height\" content=\"1350\" \/>\n\t<meta property=\"og:image:type\" content=\"image\/png\" \/>\n<meta name=\"twitter:card\" content=\"summary_large_image\" \/>\n<meta name=\"twitter:label1\" content=\"Tempo di lettura stimato\" \/>\n\t<meta name=\"twitter:data1\" content=\"1 minuto\" \/>\n<script type=\"application\/ld+json\" class=\"yoast-schema-graph\">{\"@context\":\"https:\\\/\\\/schema.org\",\"@graph\":[{\"@type\":\"WebPage\",\"@id\":\"https:\\\/\\\/kikkirikistudio.com\\\/it\\\/demo\\\/rock\\\/\",\"url\":\"https:\\\/\\\/kikkirikistudio.com\\\/it\\\/demo\\\/rock\\\/\",\"name\":\"Mixing e Mastering Rock | Suono Grintoso | Kikkiriki Studio\",\"isPartOf\":{\"@id\":\"https:\\\/\\\/kikkirikistudio.com\\\/it\\\/#website\"},\"primaryImageOfPage\":{\"@id\":\"https:\\\/\\\/kikkirikistudio.com\\\/it\\\/demo\\\/rock\\\/#primaryimage\"},\"image\":{\"@id\":\"https:\\\/\\\/kikkirikistudio.com\\\/it\\\/demo\\\/rock\\\/#primaryimage\"},\"thumbnailUrl\":\"https:\\\/\\\/kikkirikistudio.com\\\/wp-content\\\/uploads\\\/2025\\\/05\\\/anteprima-home.png\",\"datePublished\":\"2025-03-24T15:52:20+00:00\",\"dateModified\":\"2025-06-04T09:13:30+00:00\",\"description\":\"Mixing e mastering per rock professionale: chitarre graffianti, batterie profonde e voci protagoniste con un sound potente e dinamico.\",\"breadcrumb\":{\"@id\":\"https:\\\/\\\/kikkirikistudio.com\\\/it\\\/demo\\\/rock\\\/#breadcrumb\"},\"inLanguage\":\"it-IT\",\"potentialAction\":[{\"@type\":\"ReadAction\",\"target\":[\"https:\\\/\\\/kikkirikistudio.com\\\/it\\\/demo\\\/rock\\\/\"]}]},{\"@type\":\"ImageObject\",\"inLanguage\":\"it-IT\",\"@id\":\"https:\\\/\\\/kikkirikistudio.com\\\/it\\\/demo\\\/rock\\\/#primaryimage\",\"url\":\"https:\\\/\\\/kikkirikistudio.com\\\/wp-content\\\/uploads\\\/2025\\\/05\\\/anteprima-home.png\",\"contentUrl\":\"https:\\\/\\\/kikkirikistudio.com\\\/wp-content\\\/uploads\\\/2025\\\/05\\\/anteprima-home.png\",\"width\":1080,\"height\":1350},{\"@type\":\"BreadcrumbList\",\"@id\":\"https:\\\/\\\/kikkirikistudio.com\\\/it\\\/demo\\\/rock\\\/#breadcrumb\",\"itemListElement\":[{\"@type\":\"ListItem\",\"position\":1,\"name\":\"Home\",\"item\":\"https:\\\/\\\/kikkirikistudio.com\\\/it\\\/\"},{\"@type\":\"ListItem\",\"position\":2,\"name\":\"Demo\",\"item\":\"https:\\\/\\\/kikkirikistudio.com\\\/it\\\/demo\\\/\"},{\"@type\":\"ListItem\",\"position\":3,\"name\":\"Rock\"}]},{\"@type\":\"WebSite\",\"@id\":\"https:\\\/\\\/kikkirikistudio.com\\\/it\\\/#website\",\"url\":\"https:\\\/\\\/kikkirikistudio.com\\\/it\\\/\",\"name\":\"Kikkiriki Studio\",\"description\":\"\",\"publisher\":{\"@id\":\"https:\\\/\\\/kikkirikistudio.com\\\/it\\\/#organization\"},\"potentialAction\":[{\"@type\":\"SearchAction\",\"target\":{\"@type\":\"EntryPoint\",\"urlTemplate\":\"https:\\\/\\\/kikkirikistudio.com\\\/it\\\/?s={search_term_string}\"},\"query-input\":{\"@type\":\"PropertyValueSpecification\",\"valueRequired\":true,\"valueName\":\"search_term_string\"}}],\"inLanguage\":\"it-IT\"},{\"@type\":\"Organization\",\"@id\":\"https:\\\/\\\/kikkirikistudio.com\\\/it\\\/#organization\",\"name\":\"Kikkiriki Studio\",\"url\":\"https:\\\/\\\/kikkirikistudio.com\\\/it\\\/\",\"logo\":{\"@type\":\"ImageObject\",\"inLanguage\":\"it-IT\",\"@id\":\"https:\\\/\\\/kikkirikistudio.com\\\/it\\\/#\\\/schema\\\/logo\\\/image\\\/\",\"url\":\"https:\\\/\\\/kikkirikistudio.com\\\/wp-content\\\/uploads\\\/2025\\\/05\\\/logo-kikkiriki-studio-2.png\",\"contentUrl\":\"https:\\\/\\\/kikkirikistudio.com\\\/wp-content\\\/uploads\\\/2025\\\/05\\\/logo-kikkiriki-studio-2.png\",\"width\":1200,\"height\":440,\"caption\":\"Kikkiriki Studio\"},\"image\":{\"@id\":\"https:\\\/\\\/kikkirikistudio.com\\\/it\\\/#\\\/schema\\\/logo\\\/image\\\/\"}}]}<\/script>\n<!-- \/ Yoast SEO plugin. -->","yoast_head_json":{"title":"Mixing e Mastering Rock | Suono Grintoso | Kikkiriki Studio","description":"Mixing e mastering per rock professionale: chitarre graffianti, batterie profonde e voci protagoniste con un sound potente e dinamico.","robots":{"index":"index","follow":"follow","max-snippet":"max-snippet:-1","max-image-preview":"max-image-preview:large","max-video-preview":"max-video-preview:-1"},"canonical":"https:\/\/kikkirikistudio.com\/it\/demo\/rock\/","og_locale":"it_IT","og_type":"article","og_title":"Mixing e Mastering Rock | Suono Grintoso | Kikkiriki Studio","og_description":"Mixing e mastering per rock professionale: chitarre graffianti, batterie profonde e voci protagoniste con un sound potente e dinamico.","og_url":"https:\/\/kikkirikistudio.com\/it\/demo\/rock\/","og_site_name":"Kikkiriki Studio","article_modified_time":"2025-06-04T09:13:30+00:00","og_image":[{"width":1080,"height":1350,"url":"https:\/\/kikkirikistudio.com\/wp-content\/uploads\/2025\/05\/anteprima-home.png","type":"image\/png"}],"twitter_card":"summary_large_image","twitter_misc":{"Tempo di lettura stimato":"1 minuto"},"schema":{"@context":"https:\/\/schema.org","@graph":[{"@type":"WebPage","@id":"https:\/\/kikkirikistudio.com\/it\/demo\/rock\/","url":"https:\/\/kikkirikistudio.com\/it\/demo\/rock\/","name":"Mixing e Mastering Rock | Suono Grintoso | Kikkiriki Studio","isPartOf":{"@id":"https:\/\/kikkirikistudio.com\/it\/#website"},"primaryImageOfPage":{"@id":"https:\/\/kikkirikistudio.com\/it\/demo\/rock\/#primaryimage"},"image":{"@id":"https:\/\/kikkirikistudio.com\/it\/demo\/rock\/#primaryimage"},"thumbnailUrl":"https:\/\/kikkirikistudio.com\/wp-content\/uploads\/2025\/05\/anteprima-home.png","datePublished":"2025-03-24T15:52:20+00:00","dateModified":"2025-06-04T09:13:30+00:00","description":"Mixing e mastering per rock professionale: chitarre graffianti, batterie profonde e voci protagoniste con un sound potente e dinamico.","breadcrumb":{"@id":"https:\/\/kikkirikistudio.com\/it\/demo\/rock\/#breadcrumb"},"inLanguage":"it-IT","potentialAction":[{"@type":"ReadAction","target":["https:\/\/kikkirikistudio.com\/it\/demo\/rock\/"]}]},{"@type":"ImageObject","inLanguage":"it-IT","@id":"https:\/\/kikkirikistudio.com\/it\/demo\/rock\/#primaryimage","url":"https:\/\/kikkirikistudio.com\/wp-content\/uploads\/2025\/05\/anteprima-home.png","contentUrl":"https:\/\/kikkirikistudio.com\/wp-content\/uploads\/2025\/05\/anteprima-home.png","width":1080,"height":1350},{"@type":"BreadcrumbList","@id":"https:\/\/kikkirikistudio.com\/it\/demo\/rock\/#breadcrumb","itemListElement":[{"@type":"ListItem","position":1,"name":"Home","item":"https:\/\/kikkirikistudio.com\/it\/"},{"@type":"ListItem","position":2,"name":"Demo","item":"https:\/\/kikkirikistudio.com\/it\/demo\/"},{"@type":"ListItem","position":3,"name":"Rock"}]},{"@type":"WebSite","@id":"https:\/\/kikkirikistudio.com\/it\/#website","url":"https:\/\/kikkirikistudio.com\/it\/","name":"Kikkiriki Studio","description":"","publisher":{"@id":"https:\/\/kikkirikistudio.com\/it\/#organization"},"potentialAction":[{"@type":"SearchAction","target":{"@type":"EntryPoint","urlTemplate":"https:\/\/kikkirikistudio.com\/it\/?s={search_term_string}"},"query-input":{"@type":"PropertyValueSpecification","valueRequired":true,"valueName":"search_term_string"}}],"inLanguage":"it-IT"},{"@type":"Organization","@id":"https:\/\/kikkirikistudio.com\/it\/#organization","name":"Kikkiriki Studio","url":"https:\/\/kikkirikistudio.com\/it\/","logo":{"@type":"ImageObject","inLanguage":"it-IT","@id":"https:\/\/kikkirikistudio.com\/it\/#\/schema\/logo\/image\/","url":"https:\/\/kikkirikistudio.com\/wp-content\/uploads\/2025\/05\/logo-kikkiriki-studio-2.png","contentUrl":"https:\/\/kikkirikistudio.com\/wp-content\/uploads\/2025\/05\/logo-kikkiriki-studio-2.png","width":1200,"height":440,"caption":"Kikkiriki Studio"},"image":{"@id":"https:\/\/kikkirikistudio.com\/it\/#\/schema\/logo\/image\/"}}]}},"_links":{"self":[{"href":"https:\/\/kikkirikistudio.com\/it\/wp-json\/wp\/v2\/pages\/514","targetHints":{"allow":["GET"]}}],"collection":[{"href":"https:\/\/kikkirikistudio.com\/it\/wp-json\/wp\/v2\/pages"}],"about":[{"href":"https:\/\/kikkirikistudio.com\/it\/wp-json\/wp\/v2\/types\/page"}],"author":[{"embeddable":true,"href":"https:\/\/kikkirikistudio.com\/it\/wp-json\/wp\/v2\/users\/1"}],"replies":[{"embeddable":true,"href":"https:\/\/kikkirikistudio.com\/it\/wp-json\/wp\/v2\/comments?post=514"}],"version-history":[{"count":3,"href":"https:\/\/kikkirikistudio.com\/it\/wp-json\/wp\/v2\/pages\/514\/revisions"}],"predecessor-version":[{"id":1462,"href":"https:\/\/kikkirikistudio.com\/it\/wp-json\/wp\/v2\/pages\/514\/revisions\/1462"}],"up":[{"embeddable":true,"href":"https:\/\/kikkirikistudio.com\/it\/wp-json\/wp\/v2\/pages\/450"}],"wp:featuredmedia":[{"embeddable":true,"href":"https:\/\/kikkirikistudio.com\/it\/wp-json\/wp\/v2\/media\/1238"}],"wp:attachment":[{"href":"https:\/\/kikkirikistudio.com\/it\/wp-json\/wp\/v2\/media?parent=514"}],"curies":[{"name":"wp","href":"https:\/\/api.w.org\/{rel}","templated":true}]}}